{"id":349,"date":"2024-10-12T12:52:20","date_gmt":"2024-10-12T12:52:20","guid":{"rendered":"https:\/\/javisanchezpsicologia.com\/?page_id=349"},"modified":"2024-10-12T12:52:20","modified_gmt":"2024-10-12T12:52:20","slug":"politica-de-cookies-2","status":"publish","type":"page","link":"https:\/\/javisanchezpsicologia.com\/index.php\/politica-de-cookies-2\/","title":{"rendered":"POLITICA DE COOKIES"},"content":{"rendered":"\n<p class=\"has-text-align-left\"><strong>INFORMACI\u00d3N SOBRE COOKIES<\/strong><br>Conforme con la Ley 34\/2002, de 11 de julio, de servicios de la sociedad de la informaci\u00f3n y de comercio electr\u00f3nico<br>(LSSI), en relaci\u00f3n con el Reglamento (UE) 2016\/679 del Parlamento Europeo y del Consejo, de 27 de abril de 2016,<br>General de Protecci\u00f3n de Datos (GDPR) y la Ley Org\u00e1nica 3\/2018, de 5 de diciembre, de Protecci\u00f3n de Datos y Garant\u00eda<br>de los Derechos Digitales (LOPDGDD), es obligado obtener el consentimiento expreso del usuario de todas las p\u00e1ginas<br>web que usan cookies prescindibles, antes de que este navegue por ellas.<br><strong>\u00bfQU\u00c9 SON LAS COOKIES?<\/strong><br>Las <em>cookies <\/em>y otras tecnolog\u00edas similares tales como local shared objects, flash cookies o p\u00edxeles, son herramientas<br>empleadas por los servidores Web para almacenar y recuperar informaci\u00f3n acerca de sus visitantes, as\u00ed como para<br>ofrecer un correcto funcionamiento del sitio.<br>Mediante el uso de estos dispositivos se permite al servidor Web recordar algunos datos concernientes al usuario,<br>como sus preferencias para la visualizaci\u00f3n de las p\u00e1ginas de ese servidor, nombre y contrase\u00f1a, productos que m\u00e1s le<br>interesan, etc.<br><strong><em>COOKIES <\/em>AFECTADAS POR LA NORMATIVA Y COOKIES EXCEPTUADAS<\/strong><br>Seg\u00fan la directiva de la UE, las cookies que requieren el consentimiento informado por parte del usuario son las cookies<br>de anal\u00edtica y las de publicidad y afiliaci\u00f3n, quedando exceptuadas las de car\u00e1cter t\u00e9cnico y las necesarias para el<br>funcionamiento del sitio web o la prestaci\u00f3n de servicios expresamente solicitados por el usuario.<br><strong>TIPOS DE COOKIES<\/strong><br><strong>SEG\u00daN LA FINALIDAD<\/strong><br>&#8211; <strong>Cookies t\u00e9cnicas y funcionales:<\/strong> son aquellas que permiten al usuario la navegaci\u00f3n a trav\u00e9s de una p\u00e1gina web,<br>plataforma o aplicaci\u00f3n y la utilizaci\u00f3n de las diferentes opciones o servicios que en ella existan.<br><strong>&#8211; Cookies anal\u00edticas:<\/strong> son aquellas que permiten al responsable de las mismas el seguimiento y an\u00e1lisis del<br>comportamiento de los usuarios de los sitios web a los que est\u00e1n vinculadas. La informaci\u00f3n recogida mediante<br>este tipo de cookies se utiliza en la medici\u00f3n de la actividad de los sitios web, aplicaci\u00f3n o plataforma y para la<br>elaboraci\u00f3n de perfiles de navegaci\u00f3n de los usuarios de dichos sitios, aplicaciones y plataformas, con el fin de<br>introducir mejoras en funci\u00f3n del an\u00e1lisis de los datos de uso que hacen los usuarios del servicio.<br><strong>&#8211; Cookies publicitarias:<\/strong> son aquellas que permiten la gesti\u00f3n, de la forma m\u00e1s eficaz posible, de los espacios<br>publicitarios que, en su caso, el editor haya incluido en una p\u00e1gina web, aplicaci\u00f3n o plataforma desde la que<br>presta el servicio solicitado en base a criterios como el contenido editado o la frecuencia en la que se muestran<br>los anuncios.<br><strong>&#8211; Cookies de publicidad comportamental:<\/strong> recogen informaci\u00f3n sobre las preferencias y elecciones personales del<br>usuario (retargeting) para permitir la gesti\u00f3n, de la forma m\u00e1s eficaz posible, de los espacios publicitarios que,<br>en su caso, el editor haya incluido en una p\u00e1gina web, aplicaci\u00f3n o plataforma desde la que presta el servicio<br>solicitado.<br><strong>&#8211; Cookies sociales:<\/strong> son establecidas por las plataformas de redes sociales en los servicios para permitirle<br>compartir contenido con sus amigos y redes. Las plataformas de medios sociales tienen la capacidad de rastrear<br>su actividad en l\u00ednea fuera de los Servicios. Esto puede afectar al contenido y los mensajes que ve en otros<br>servicios que visita.<br><strong>&#8211; Cookies de afiliados:<\/strong> permiten hacer un seguimiento de las visitas procedentes de otras webs, con las que el<br>sitio web establece un contrato de afiliaci\u00f3n (empresas de afiliaci\u00f3n).<br><strong>&#8211; Cookies de seguridad:<\/strong> almacenan informaci\u00f3n cifrada para evitar que los datos guardados en ellas seanvulnerables a ataques maliciosos de terceros.<br><strong>SEG\u00daN LA PROPIEDAD<\/strong><br><strong>&#8211; Cookies propias:<\/strong> son aquellas que se env\u00edan al equipo terminal del usuario desde un equipo o dominio<br>gestionado por el propio editor y desde el que se presta el servicio solicitado por el usuario.<br><strong>&#8211; Cookies de terceros:<\/strong> son aquellas que se env\u00edan al equipo terminal del usuario desde un equipo o dominio que<br>no es gestionado por el editor, sino por otra entidad que trata los datos obtenidos trav\u00e9s de las cookies.<br><strong>SEG\u00daN EL PLAZO DE CONSERVACI\u00d3N<\/strong><br><strong>&#8211; Cookies de sesi\u00f3n: <\/strong>son un tipo de cookies dise\u00f1adas para recabar y almacenar datos mientras el usuario accede<br>a una p\u00e1gina web.<br><strong>&#8211; Cookies persistentes:<\/strong> son un tipo de cookies en el que los datos siguen almacenados en el terminal y pueden<br>ser accedidos y tratados durante un per\u00edodo definido por el responsable de la cookie, y que puede ir de unos<br>minutos a varios a\u00f1os.<br><strong>TRATAMIENTO DE DATOS PERSONALES<\/strong><br>JAVIER SANCHEZ ALONSO es el Responsable del tratamiento de los datos personales del Interesado y le informa de<br>que estos datos ser\u00e1n tratados de conformidad con lo dispuesto en el Reglamento (UE) 2016\/679, de 27 de abril de<br>2016 (GDPR), por lo que se le facilita la siguiente informaci\u00f3n del tratamiento:<br><strong>Fines del tratamiento:<\/strong> seg\u00fan se especifica en el apartado de cookies que se utilizan en este sitio web.<br><strong>Legitimaci\u00f3n del tratamiento:<\/strong> salvo en los casos en los que resulte necesario para la navegaci\u00f3n por la web, por<br>consentimiento del interesado (art. 6.1.a GDPR).<br><strong>Criterios de conservaci\u00f3n de los datos: <\/strong>seg\u00fan se especifica en el apartado de cookies utilizadas en la web.<br><strong>Comunicaci\u00f3n de los datos:<\/strong> no se comunicar\u00e1n los datos a terceros, excepto en cookies propiedad de terceros o por<br>obligaci\u00f3n legal.<br><strong>Derechos que asisten al Interesado:<\/strong><\/p>\n\n\n\n<ul class=\"wp-block-list\">\n<li>Derecho a presentar una reclamaci\u00f3n ante la Autoridad de control (www.aepd.es) si considera que el tratamiento no<br>se ajusta a la normativa vigente.<\/li>\n\n\n\n<li>Derecho a retirar el consentimiento en cualquier momento.<\/li>\n\n\n\n<li>Derecho de acceso, rectificaci\u00f3n, portabilidad y supresi\u00f3n de sus datos, y de limitaci\u00f3n u oposici\u00f3n a su tratamiento.<\/li>\n<\/ul>\n\n\n\n<p><strong>Datos de contacto para ejercer sus derechos:<\/strong><br>JAVIER SANCHEZ ALONSO. ARTURO ARANGUEN, 2 4\u00ba A ESC 1 &#8211; 10002 C\u00c1CERES (C\u00e1ceres). E-mail:<br>javisanchezpsicologo@gmail.com<\/p>\n\n\n\n<p><strong>COOKIES UTILIZADAS EN ESTE SITIO WEB<\/strong><\/p>\n\n\n\n<p class=\"has-text-align-center\"><\/p>\n\n\n\n<figure class=\"wp-block-image size-full is-resized\"><img fetchpriority=\"high\" decoding=\"async\" width=\"742\" height=\"642\" src=\"https:\/\/javisanchezpsicologia.com\/wp-content\/uploads\/2024\/10\/image.png\" alt=\"\" class=\"wp-image-350\" style=\"width:1119px;height:auto\" srcset=\"https:\/\/javisanchezpsicologia.com\/wp-content\/uploads\/2024\/10\/image.png 742w, https:\/\/javisanchezpsicologia.com\/wp-content\/uploads\/2024\/10\/image-300x260.png 300w\" sizes=\"(max-width: 742px) 100vw, 742px\" \/><\/figure>\n\n\n\n<p class=\"has-text-align-center\"><\/p>\n\n\n\n<figure class=\"wp-block-image size-full is-resized\"><img decoding=\"async\" width=\"739\" height=\"283\" src=\"https:\/\/javisanchezpsicologia.com\/wp-content\/uploads\/2024\/10\/image-3.png\" alt=\"\" class=\"wp-image-353\" style=\"width:1120px;height:auto\" srcset=\"https:\/\/javisanchezpsicologia.com\/wp-content\/uploads\/2024\/10\/image-3.png 739w, https:\/\/javisanchezpsicologia.com\/wp-content\/uploads\/2024\/10\/image-3-300x115.png 300w\" sizes=\"(max-width: 739px) 100vw, 739px\" \/><\/figure>\n\n\n\n<ul class=\"wp-block-list\">\n<li><strong>Chrome<\/strong>: <a href=\"http:\/\/support.google.com\/chrome\/answer\/95647?hl=es\">http:\/\/support.google.com\/chrome\/answer\/95647?hl=es<\/a><\/li>\n\n\n\n<li><strong>Edge<\/strong>: <a href=\"https:\/\/support.microsoft.com\/es-es\/microsoft-edge\/eliminar-las-cookies-en-microsoft-edge-63947406-40ac-c3b8-57b9-2a946a29ae09\">https:\/\/support.microsoft.com\/es-es\/microsoft-edge\/eliminar-las-cookies-en-microsoft-edge-63947406-40ac-c3b8-57b9-2a946a29ae09<\/a><\/li>\n\n\n\n<li><strong>Explorer<\/strong>: <a href=\"https:\/\/support.microsoft.com\/es-es\/help\/278835\/how-to-delete-cookie-files-in-internet-explorer\">https:\/\/support.microsoft.com\/es-es\/help\/278835\/how-to-delete-cookie-files-in-internet-explorer<\/a><\/li>\n\n\n\n<li><strong>Firefox<\/strong>: <a href=\"https:\/\/www.mozilla.org\/es-ES\/privacy\/websites\/#cookies\">https:\/\/www.mozilla.org\/es-ES\/privacy\/websites\/#cookies<\/a><\/li>\n\n\n\n<li><strong>Safari<\/strong>: <a href=\"https:\/\/support.apple.com\/es-es\/guide\/safari\/sfri11471\/mac\">https:\/\/support.apple.com\/es-es\/guide\/safari\/sfri11471\/mac<\/a><\/li>\n\n\n\n<li><strong>Opera<\/strong>: <a href=\"https:\/\/help.opera.com\/en\/latest\/security-and-privacy\/#clearBrowsingData\">https:\/\/help.opera.com\/en\/latest\/security-and-privacy\/#clearBrowsingData<\/a><\/li>\n<\/ul>\n\n\n\n<p class=\"has-text-align-center\"><\/p>\n\n\n\n<p class=\"has-text-align-center\"><\/p>\n\n\n\n<p><\/p>\n","protected":false},"excerpt":{"rendered":"<p>INFORMACI\u00d3N SOBRE COOKIESConforme con la Ley 34\/2002, de 11 de julio, de servicios de la sociedad de la informaci\u00f3n y de comercio electr\u00f3nico(LSSI), en relaci\u00f3n con el Reglamento (UE) 2016\/679 del Parlamento Europeo y del Consejo, de 27 de abril de 2016,General de Protecci\u00f3n de Datos (GDPR) y la Ley Org\u00e1nica 3\/2018, de 5 de &#8230; <a title=\"POLITICA DE COOKIES\" class=\"read-more\" href=\"https:\/\/javisanchezpsicologia.com\/index.php\/politica-de-cookies-2\/\" aria-label=\"Leer m\u00e1s sobre POLITICA DE COOKIES\">Leer m\u00e1s<\/a><\/p>\n","protected":false},"author":1,"featured_media":0,"parent":0,"menu_order":0,"comment_status":"closed","ping_status":"closed","template":"","meta":{"footnotes":""},"class_list":["post-349","page","type-page","status-publish"],"_links":{"self":[{"href":"https:\/\/javisanchezpsicologia.com\/index.php\/wp-json\/wp\/v2\/pages\/349","targetHints":{"allow":["GET"]}}],"collection":[{"href":"https:\/\/javisanchezpsicologia.com\/index.php\/wp-json\/wp\/v2\/pages"}],"about":[{"href":"https:\/\/javisanchezpsicologia.com\/index.php\/wp-json\/wp\/v2\/types\/page"}],"author":[{"embeddable":true,"href":"https:\/\/javisanchezpsicologia.com\/index.php\/wp-json\/wp\/v2\/users\/1"}],"replies":[{"embeddable":true,"href":"https:\/\/javisanchezpsicologia.com\/index.php\/wp-json\/wp\/v2\/comments?post=349"}],"version-history":[{"count":1,"href":"https:\/\/javisanchezpsicologia.com\/index.php\/wp-json\/wp\/v2\/pages\/349\/revisions"}],"predecessor-version":[{"id":354,"href":"https:\/\/javisanchezpsicologia.com\/index.php\/wp-json\/wp\/v2\/pages\/349\/revisions\/354"}],"wp:attachment":[{"href":"https:\/\/javisanchezpsicologia.com\/index.php\/wp-json\/wp\/v2\/media?parent=349"}],"curies":[{"name":"wp","href":"https:\/\/api.w.org\/{rel}","templated":true}]}}