{"id":345,"date":"2024-10-12T12:12:58","date_gmt":"2024-10-12T12:12:58","guid":{"rendered":"https:\/\/javisanchezpsicologia.com\/?page_id=345"},"modified":"2024-10-12T12:12:59","modified_gmt":"2024-10-12T12:12:59","slug":"politica-de-privacidad-2","status":"publish","type":"page","link":"https:\/\/javisanchezpsicologia.com\/index.php\/politica-de-privacidad-2\/","title":{"rendered":"POL\u00cdTICA DE PRIVACIDAD"},"content":{"rendered":"\n<ol class=\"wp-block-list\">\n<li><strong>INFORMACI\u00d3N AL USUARIO<\/strong><br>\u00bfQui\u00e9n es el responsable del tratamiento de tus datos personales?<br>JAVIER SANCHEZ ALONSO es el RESPONSABLE del tratamiento de los datos personales del USUARIO y le informa de que estos datos<br>ser\u00e1n tratados de conformidad con lo dispuesto en el Reglamento (UE) 2016\/679, de 27 de abril (GDPR), y la Ley Org\u00e1nica 3\/2018,<br>de 5 de diciembre (LOPDGDD).<br>\u00bfPara qu\u00e9 tratamos tus datos personales y por qu\u00e9 lo hacemos?<br>En nuestro sitio no disponemos de formularios de contacto, por lo que no se recaban datos a trav\u00e9s de esta v\u00eda.<br>Los datos personales se obtendr\u00e1n a trav\u00e9s del aplicativo Whatsapp una vez pulsado el bot\u00f3n \u00abEMPECEMOS\u00bb O \u00abRESERVAR\u00bb, y del<br>que ha recibido la siguiente informaci\u00f3n:<br><em><strong>Fines del tratamiento: <\/strong>Prestaci\u00f3n de asistencia sanitaria, incluyendo la gesti\u00f3n de los servicios sanitarios y de administraci\u00f3n del centro que impliquen la misma: mantenimiento historial cl\u00ednico, citas, emisi\u00f3n de justificantes, atenci\u00f3n de consultas, atenci\u00f3n de incidencias, elaborar los documentos derivados de esta intervenci\u00f3n profesional, su facturaci\u00f3n, seguimiento posterior y las funciones propias de la actividad profesional que los justifica.<br><strong>Legitimaci\u00f3n del tratamiento:<\/strong> para la ejecuci\u00f3n de un contrato o precontrato con el interesado (art\u00edculo 6.1.b GDPR).<br><strong>Excepci\u00f3n para categor\u00edas especiales de datos:<\/strong> Para fines de medicina preventiva o laboral, diagn\u00f3stico m\u00e9dico, prestaci\u00f3n de asistencia sanitaria o social, o gesti\u00f3n de sus sistemas y servicios, sobre la base de una Ley o en virtud de un contrato con un profesional sanitario (art\u00edculo 9.2.h GDPR)<br><strong>Criterios de conservaci\u00f3n de los datos:<\/strong> conservados mientras existan prescripciones legales que dictaminen la custodia.<br><strong>Comunicaci\u00f3n de los datos:<\/strong> se informa de que no se comunican los datos a terceros, salvo por obligaci\u00f3n legal. En el caso de que la atenci\u00f3n recibida est\u00e9 enmarcada dentro de su relaci\u00f3n con su compa\u00f1ia de seguros, comunicaremos a esta los datos necesarios para el cobro de los servicios.<br><strong>Fuente de procedencia de los datos:<\/strong> el mismo interesado o su representante legal.<br><strong>Derechos que asisten al interesado:<\/strong> Derecho a retirar el consentimiento en cualquier momento, cuando el tratamiento se base en el consentimiento del interesado. Derecho de acceso, rectificaci\u00f3n, portabilidad y supresi\u00f3n de sus datos y de limitaci\u00f3n u oposici\u00f3n a su tratamiento. Derecho a presentar una reclamaci\u00f3n ante la Autoridad de control (www.aepd.es) si considera que el tratamiento no se ajusta a la normativa vigente.<br><strong>Datos de contacto y ejercicios de sus derechos:<\/strong> JAVIER SANCHEZ ALONSO, javisanchezpsicologo@cop.es.<\/em>                                                                   <\/li>\n\n\n\n<li><strong>CAR\u00c1CTER OBLIGATORIO O FACULTATIVO DE LA INFORMACI\u00d3N FACILITADA POR EL USUARIO<\/strong><br>Los USUARIOS, mediante la marcaci\u00f3n de las casillas correspondientes y la entrada de datos en los campos, marcados con un asterisco (*) en el formulario de contacto o presentados en formularios de descarga, aceptan expresamente y de forma libre e inequ\u00edvoca, que sus datos son necesarios para atender su petici\u00f3n, por parte del prestador, siendo voluntaria la inclusi\u00f3n de datos en los campos restantes. El USUARIO garantiza que los datos personales facilitados al RESPONSABLE son veraces y se hace responsable de comunicar cualquier modificaci\u00f3n de los mismos.<br>El RESPONSABLE informa de que todos los datos solicitados a trav\u00e9s del sitio web son obligatorios, ya que son necesarios para la prestaci\u00f3n de un servicio \u00f3ptimo al USUARIO. En caso de que no se faciliten todos los datos, no se garantiza que la informaci\u00f3n y servicios facilitados sean completamente ajustados a sus necesidades.<\/li>\n<\/ol>\n\n\n\n<ol start=\"3\" class=\"wp-block-list\">\n<li><strong>MEDIDAS DE SEGURIDAD<\/strong><br>Que de conformidad con lo dispuesto en las normativas vigentes en protecci\u00f3n de datos personales, el RESPONSABLE est\u00e1<br>cumpliendo con todas las disposiciones de las normativas GDPR y LOPDGDD para el tratamiento de los datos personales de su responsabilidad, y manifiestamente con los principios descritos en el art\u00edculo 5 del GDPR, por los cuales son tratados de manera l\u00edcita, leal y transparente en relaci\u00f3n con el interesado y adecuados, pertinentes y limitados a lo necesario en relaci\u00f3n con los fines para los que son tratados.<br>El RESPONSABLE garantiza que ha implementado pol\u00edticas t\u00e9cnicas y organizativas apropiadas para aplicar las medidas de seguridad que establecen el GDPR y la LOPDGDD con el fin de proteger los derechos y libertades de los USUARIOS y les ha comunicado la informaci\u00f3n adecuada para que puedan ejercerlos.<br>Para m\u00e1s informaci\u00f3n sobre las garant\u00edas de privacidad, puedes dirigirte al RESPONSABLE a trav\u00e9s del correo<br>javisanchezpsicologo@cop.es<\/li>\n<\/ol>\n","protected":false},"excerpt":{"rendered":"","protected":false},"author":1,"featured_media":0,"parent":0,"menu_order":0,"comment_status":"closed","ping_status":"closed","template":"","meta":{"footnotes":""},"class_list":["post-345","page","type-page","status-publish"],"_links":{"self":[{"href":"https:\/\/javisanchezpsicologia.com\/index.php\/wp-json\/wp\/v2\/pages\/345","targetHints":{"allow":["GET"]}}],"collection":[{"href":"https:\/\/javisanchezpsicologia.com\/index.php\/wp-json\/wp\/v2\/pages"}],"about":[{"href":"https:\/\/javisanchezpsicologia.com\/index.php\/wp-json\/wp\/v2\/types\/page"}],"author":[{"embeddable":true,"href":"https:\/\/javisanchezpsicologia.com\/index.php\/wp-json\/wp\/v2\/users\/1"}],"replies":[{"embeddable":true,"href":"https:\/\/javisanchezpsicologia.com\/index.php\/wp-json\/wp\/v2\/comments?post=345"}],"version-history":[{"count":1,"href":"https:\/\/javisanchezpsicologia.com\/index.php\/wp-json\/wp\/v2\/pages\/345\/revisions"}],"predecessor-version":[{"id":346,"href":"https:\/\/javisanchezpsicologia.com\/index.php\/wp-json\/wp\/v2\/pages\/345\/revisions\/346"}],"wp:attachment":[{"href":"https:\/\/javisanchezpsicologia.com\/index.php\/wp-json\/wp\/v2\/media?parent=345"}],"curies":[{"name":"wp","href":"https:\/\/api.w.org\/{rel}","templated":true}]}}